{"id":13,"date":"2023-04-14T18:08:48","date_gmt":"2023-04-14T16:08:48","guid":{"rendered":"http:\/\/voyage-guide-francais-panama.com\/?page_id=13"},"modified":"2025-06-25T14:22:54","modified_gmt":"2025-06-25T12:22:54","slug":"accueil","status":"publish","type":"page","link":"http:\/\/voyage-guide-francais-panama.com\/","title":{"rendered":"Accueil"},"content":{"rendered":"\n<p>Bienvenue sur votre site\u00a0! C\u2019est votre page d\u2019accueil que vos visiteurs verront lorsqu\u2019ils arriveront sur votre site la premi\u00e8re fois.<\/p>\n","protected":false},"excerpt":{"rendered":"<p>Bienvenue sur votre site\u00a0! C\u2019est votre page d\u2019accueil que vos visiteurs verront lorsqu\u2019ils arriveront sur votre site la premi\u00e8re fois.<\/p>\n","protected":false},"author":1,"featured_media":0,"parent":0,"menu_order":0,"comment_status":"closed","ping_status":"closed","template":"","meta":{"footnotes":""},"class_list":["post-13","page","type-page","status-publish","hentry"],"yoast_head":"<!-- This site is optimized with the Yoast SEO plugin v27.2 - https:\/\/yoast.com\/product\/yoast-seo-wordpress\/ -->\n<title>Accueil - J\u00e9r\u00f4me Pujol Guide fran\u00e7ais au Panama | Visite priv\u00e9e avec guide francophone<\/title>\n<meta name=\"robots\" content=\"index, follow, max-snippet:-1, max-image-preview:large, max-video-preview:-1\" \/>\n<link rel=\"canonical\" href=\"http:\/\/voyage-guide-francais-panama.com\/\" \/>\n<meta property=\"og:locale\" content=\"fr_FR\" \/>\n<meta property=\"og:type\" content=\"article\" \/>\n<meta property=\"og:title\" content=\"Accueil - J\u00e9r\u00f4me Pujol Guide fran\u00e7ais au Panama | Visite priv\u00e9e avec guide francophone\" \/>\n<meta property=\"og:description\" content=\"Bienvenue sur votre site\u00a0! C\u2019est votre page d\u2019accueil que vos visiteurs verront lorsqu\u2019ils arriveront sur votre site la premi\u00e8re fois.\" \/>\n<meta property=\"og:url\" content=\"http:\/\/voyage-guide-francais-panama.com\/\" \/>\n<meta property=\"og:site_name\" content=\"J\u00e9r\u00f4me Pujol Guide fran\u00e7ais au Panama | Visite priv\u00e9e avec guide francophone\" \/>\n<meta property=\"article:modified_time\" content=\"2025-06-25T12:22:54+00:00\" \/>\n<meta name=\"twitter:card\" content=\"summary_large_image\" \/>\n<script type=\"application\/ld+json\" class=\"yoast-schema-graph\">{\"@context\":\"https:\/\/schema.org\",\"@graph\":[{\"@type\":\"WebPage\",\"@id\":\"http:\/\/voyage-guide-francais-panama.com\/\",\"url\":\"http:\/\/voyage-guide-francais-panama.com\/\",\"name\":\"Accueil - J\u00e9r\u00f4me Pujol Guide fran\u00e7ais au Panama | Visite priv\u00e9e avec guide francophone\",\"isPartOf\":{\"@id\":\"https:\/\/voyage-guide-francais-panama.com\/#website\"},\"datePublished\":\"2023-04-14T16:08:48+00:00\",\"dateModified\":\"2025-06-25T12:22:54+00:00\",\"breadcrumb\":{\"@id\":\"http:\/\/voyage-guide-francais-panama.com\/#breadcrumb\"},\"inLanguage\":\"fr-FR\",\"potentialAction\":[{\"@type\":\"ReadAction\",\"target\":[\"http:\/\/voyage-guide-francais-panama.com\/\"]}]},{\"@type\":\"BreadcrumbList\",\"@id\":\"http:\/\/voyage-guide-francais-panama.com\/#breadcrumb\",\"itemListElement\":[{\"@type\":\"ListItem\",\"position\":1,\"name\":\"Accueil\",\"item\":\"http:\/\/voyage-guide-francais-panama.com\/\"},{\"@type\":\"ListItem\",\"position\":2,\"name\":\"Accueil\"}]},{\"@type\":\"WebSite\",\"@id\":\"https:\/\/voyage-guide-francais-panama.com\/#website\",\"url\":\"https:\/\/voyage-guide-francais-panama.com\/\",\"name\":\"J\u00e9r\u00f4me PUJOL Guide fran\u00e7ais au Panama | Visite priv\u00e9e avec guide francophone\",\"description\":\"Guide fran\u00e7ais au Panama | Visite priv\u00e9e avec guide francophone\",\"publisher\":{\"@id\":\"https:\/\/voyage-guide-francais-panama.com\/#organization\"},\"alternateName\":\"Guide fran\u00e7ais au Panama | Visite priv\u00e9e avec guide francophone\",\"potentialAction\":[{\"@type\":\"SearchAction\",\"target\":{\"@type\":\"EntryPoint\",\"urlTemplate\":\"https:\/\/voyage-guide-francais-panama.com\/?s={search_term_string}\"},\"query-input\":{\"@type\":\"PropertyValueSpecification\",\"valueRequired\":true,\"valueName\":\"search_term_string\"}}],\"inLanguage\":\"fr-FR\"},{\"@type\":\"Organization\",\"@id\":\"https:\/\/voyage-guide-francais-panama.com\/#organization\",\"name\":\"J\u00e9r\u00f4me Pujol\",\"url\":\"https:\/\/voyage-guide-francais-panama.com\/\",\"logo\":{\"@type\":\"ImageObject\",\"inLanguage\":\"fr-FR\",\"@id\":\"https:\/\/voyage-guide-francais-panama.com\/#\/schema\/logo\/image\/\",\"url\":\"http:\/\/voyage-guide-francais-panama.com\/wp-content\/uploads\/2023\/04\/cropped-cropped-cropped-cropped-logo-1-e1682256137361.jpg\",\"contentUrl\":\"http:\/\/voyage-guide-francais-panama.com\/wp-content\/uploads\/2023\/04\/cropped-cropped-cropped-cropped-logo-1-e1682256137361.jpg\",\"width\":120,\"height\":120,\"caption\":\"J\u00e9r\u00f4me Pujol\"},\"image\":{\"@id\":\"https:\/\/voyage-guide-francais-panama.com\/#\/schema\/logo\/image\/\"}}]}<\/script>\n<!-- \/ Yoast SEO plugin. -->","yoast_head_json":{"title":"Accueil - J\u00e9r\u00f4me Pujol Guide fran\u00e7ais au Panama | Visite priv\u00e9e avec guide francophone","robots":{"index":"index","follow":"follow","max-snippet":"max-snippet:-1","max-image-preview":"max-image-preview:large","max-video-preview":"max-video-preview:-1"},"canonical":"http:\/\/voyage-guide-francais-panama.com\/","og_locale":"fr_FR","og_type":"article","og_title":"Accueil - J\u00e9r\u00f4me Pujol Guide fran\u00e7ais au Panama | Visite priv\u00e9e avec guide francophone","og_description":"Bienvenue sur votre site\u00a0! C\u2019est votre page d\u2019accueil que vos visiteurs verront lorsqu\u2019ils arriveront sur votre site la premi\u00e8re fois.","og_url":"http:\/\/voyage-guide-francais-panama.com\/","og_site_name":"J\u00e9r\u00f4me Pujol Guide fran\u00e7ais au Panama | Visite priv\u00e9e avec guide francophone","article_modified_time":"2025-06-25T12:22:54+00:00","twitter_card":"summary_large_image","schema":{"@context":"https:\/\/schema.org","@graph":[{"@type":"WebPage","@id":"http:\/\/voyage-guide-francais-panama.com\/","url":"http:\/\/voyage-guide-francais-panama.com\/","name":"Accueil - J\u00e9r\u00f4me Pujol Guide fran\u00e7ais au Panama | Visite priv\u00e9e avec guide francophone","isPartOf":{"@id":"https:\/\/voyage-guide-francais-panama.com\/#website"},"datePublished":"2023-04-14T16:08:48+00:00","dateModified":"2025-06-25T12:22:54+00:00","breadcrumb":{"@id":"http:\/\/voyage-guide-francais-panama.com\/#breadcrumb"},"inLanguage":"fr-FR","potentialAction":[{"@type":"ReadAction","target":["http:\/\/voyage-guide-francais-panama.com\/"]}]},{"@type":"BreadcrumbList","@id":"http:\/\/voyage-guide-francais-panama.com\/#breadcrumb","itemListElement":[{"@type":"ListItem","position":1,"name":"Accueil","item":"http:\/\/voyage-guide-francais-panama.com\/"},{"@type":"ListItem","position":2,"name":"Accueil"}]},{"@type":"WebSite","@id":"https:\/\/voyage-guide-francais-panama.com\/#website","url":"https:\/\/voyage-guide-francais-panama.com\/","name":"J\u00e9r\u00f4me PUJOL Guide fran\u00e7ais au Panama | Visite priv\u00e9e avec guide francophone","description":"Guide fran\u00e7ais au Panama | Visite priv\u00e9e avec guide francophone","publisher":{"@id":"https:\/\/voyage-guide-francais-panama.com\/#organization"},"alternateName":"Guide fran\u00e7ais au Panama | Visite priv\u00e9e avec guide francophone","potentialAction":[{"@type":"SearchAction","target":{"@type":"EntryPoint","urlTemplate":"https:\/\/voyage-guide-francais-panama.com\/?s={search_term_string}"},"query-input":{"@type":"PropertyValueSpecification","valueRequired":true,"valueName":"search_term_string"}}],"inLanguage":"fr-FR"},{"@type":"Organization","@id":"https:\/\/voyage-guide-francais-panama.com\/#organization","name":"J\u00e9r\u00f4me Pujol","url":"https:\/\/voyage-guide-francais-panama.com\/","logo":{"@type":"ImageObject","inLanguage":"fr-FR","@id":"https:\/\/voyage-guide-francais-panama.com\/#\/schema\/logo\/image\/","url":"http:\/\/voyage-guide-francais-panama.com\/wp-content\/uploads\/2023\/04\/cropped-cropped-cropped-cropped-logo-1-e1682256137361.jpg","contentUrl":"http:\/\/voyage-guide-francais-panama.com\/wp-content\/uploads\/2023\/04\/cropped-cropped-cropped-cropped-logo-1-e1682256137361.jpg","width":120,"height":120,"caption":"J\u00e9r\u00f4me Pujol"},"image":{"@id":"https:\/\/voyage-guide-francais-panama.com\/#\/schema\/logo\/image\/"}}]}},"_links":{"self":[{"href":"http:\/\/voyage-guide-francais-panama.com\/index.php\/wp-json\/wp\/v2\/pages\/13","targetHints":{"allow":["GET"]}}],"collection":[{"href":"http:\/\/voyage-guide-francais-panama.com\/index.php\/wp-json\/wp\/v2\/pages"}],"about":[{"href":"http:\/\/voyage-guide-francais-panama.com\/index.php\/wp-json\/wp\/v2\/types\/page"}],"author":[{"embeddable":true,"href":"http:\/\/voyage-guide-francais-panama.com\/index.php\/wp-json\/wp\/v2\/users\/1"}],"replies":[{"embeddable":true,"href":"http:\/\/voyage-guide-francais-panama.com\/index.php\/wp-json\/wp\/v2\/comments?post=13"}],"version-history":[{"count":1,"href":"http:\/\/voyage-guide-francais-panama.com\/index.php\/wp-json\/wp\/v2\/pages\/13\/revisions"}],"predecessor-version":[{"id":18,"href":"http:\/\/voyage-guide-francais-panama.com\/index.php\/wp-json\/wp\/v2\/pages\/13\/revisions\/18"}],"wp:attachment":[{"href":"http:\/\/voyage-guide-francais-panama.com\/index.php\/wp-json\/wp\/v2\/media?parent=13"}],"curies":[{"name":"wp","href":"https:\/\/api.w.org\/{rel}","templated":true}]}}