{"id":308,"date":"2023-04-15T14:43:58","date_gmt":"2023-04-15T12:43:58","guid":{"rendered":"http:\/\/voyage-guide-francais-panama.com\/?page_id=308"},"modified":"2023-04-29T12:06:10","modified_gmt":"2023-04-29T10:06:10","slug":"excursions","status":"publish","type":"page","link":"https:\/\/voyage-guide-francais-panama.com\/index.php\/excursions\/","title":{"rendered":"Excursions"},"content":{"rendered":"\n<p>Je vous propose 8 excursions d\u00e9taill\u00e9es sur ce site.<\/p>\n\n\n\n<p>Vous pouvez les d\u00e9couvrir en fin de page d&rsquo;accueil ou en effectuant une recherche par mots-cl\u00e9s sur le site.<\/p>\n\n\n\n<p>D&rsquo;autres excursions ou s\u00e9jours sont possibles.<\/p>\n\n\n\n<p>Je peux aussi organiser un circuit dans tout le pays.<br>Pour donner quelques exemples : il est possible de d\u00e9couvrir le village de Boquete, r\u00e9gion de production de caf\u00e9, cacao, fleurs et poss\u00e9dant des attractions comme ses eaux thermales, son sentier de Quetzals ou bien ville d\u00e9part pour gravir le volcan Baru, toujours actif, pic le plus haut du pays \u00e0 3474 m.<br>Les autres destinations dans le pays sont l&rsquo;\u00eele Taboga pr\u00e8s de la capitale, l&rsquo;archipel de Las Perlas, 1h de bateau de la capitale, le village de Santa Catalina avec sa plage pour les surfeurs et son \u00eele Coiba, ancien site p\u00e9nitentiaire et aujourd&rsquo;hui parc national, le village de Santa Fe avec ses sentiers de randonn\u00e9e et ses cascades mais aussi l&rsquo;archipel de Bocas del Toro, parc naturel marin o\u00f9 la d\u00e9tente mais aussi la biodiversit\u00e9 vous feront passer un s\u00e9jour inoubliable.<\/p>\n\n\n\n<p><br><strong>Contactez-moi et construisons ensemble des vacances de r\u00eave entre les mains de professionnels, les miennes et celles de mes partenaires.<\/strong><\/p>\n","protected":false},"excerpt":{"rendered":"<p>Je vous propose 8 excursions d\u00e9taill\u00e9es sur ce site. Vous pouvez les d\u00e9couvrir en fin de page d&rsquo;accueil ou en effectuant une recherche par mots-cl\u00e9s sur le site. D&rsquo;autres excursions ou s\u00e9jours sont possibles. Je peux aussi organiser un circuit dans tout le pays.Pour donner &hellip; <\/p>\n","protected":false},"author":1,"featured_media":0,"parent":0,"menu_order":0,"comment_status":"closed","ping_status":"closed","template":"","meta":{"footnotes":""},"class_list":["post-308","page","type-page","status-publish","hentry"],"yoast_head":"<!-- This site is optimized with the Yoast SEO plugin v27.2 - https:\/\/yoast.com\/product\/yoast-seo-wordpress\/ -->\n<title>Excursions - J\u00e9r\u00f4me Pujol Guide fran\u00e7ais au Panama | Visite priv\u00e9e avec guide francophone<\/title>\n<meta name=\"robots\" content=\"index, follow, max-snippet:-1, max-image-preview:large, max-video-preview:-1\" \/>\n<link rel=\"canonical\" href=\"https:\/\/voyage-guide-francais-panama.com\/index.php\/excursions\/\" \/>\n<meta property=\"og:locale\" content=\"fr_FR\" \/>\n<meta property=\"og:type\" content=\"article\" \/>\n<meta property=\"og:title\" content=\"Excursions - J\u00e9r\u00f4me Pujol Guide fran\u00e7ais au Panama | Visite priv\u00e9e avec guide francophone\" \/>\n<meta property=\"og:description\" content=\"Je vous propose 8 excursions d\u00e9taill\u00e9es sur ce site. Vous pouvez les d\u00e9couvrir en fin de page d&rsquo;accueil ou en effectuant une recherche par mots-cl\u00e9s sur le site. D&rsquo;autres excursions ou s\u00e9jours sont possibles. Je peux aussi organiser un circuit dans tout le pays.Pour donner &hellip;\" \/>\n<meta property=\"og:url\" content=\"https:\/\/voyage-guide-francais-panama.com\/index.php\/excursions\/\" \/>\n<meta property=\"og:site_name\" content=\"J\u00e9r\u00f4me Pujol Guide fran\u00e7ais au Panama | Visite priv\u00e9e avec guide francophone\" \/>\n<meta property=\"article:modified_time\" content=\"2023-04-29T10:06:10+00:00\" \/>\n<meta name=\"twitter:card\" content=\"summary_large_image\" \/>\n<meta name=\"twitter:label1\" content=\"Dur\u00e9e de lecture estim\u00e9e\" \/>\n\t<meta name=\"twitter:data1\" content=\"1 minute\" \/>\n<script type=\"application\/ld+json\" class=\"yoast-schema-graph\">{\"@context\":\"https:\/\/schema.org\",\"@graph\":[{\"@type\":\"WebPage\",\"@id\":\"https:\/\/voyage-guide-francais-panama.com\/index.php\/excursions\/\",\"url\":\"https:\/\/voyage-guide-francais-panama.com\/index.php\/excursions\/\",\"name\":\"Excursions - J\u00e9r\u00f4me Pujol Guide fran\u00e7ais au Panama | Visite priv\u00e9e avec guide francophone\",\"isPartOf\":{\"@id\":\"https:\/\/voyage-guide-francais-panama.com\/#website\"},\"datePublished\":\"2023-04-15T12:43:58+00:00\",\"dateModified\":\"2023-04-29T10:06:10+00:00\",\"breadcrumb\":{\"@id\":\"https:\/\/voyage-guide-francais-panama.com\/index.php\/excursions\/#breadcrumb\"},\"inLanguage\":\"fr-FR\",\"potentialAction\":[{\"@type\":\"ReadAction\",\"target\":[\"https:\/\/voyage-guide-francais-panama.com\/index.php\/excursions\/\"]}]},{\"@type\":\"BreadcrumbList\",\"@id\":\"https:\/\/voyage-guide-francais-panama.com\/index.php\/excursions\/#breadcrumb\",\"itemListElement\":[{\"@type\":\"ListItem\",\"position\":1,\"name\":\"Accueil\",\"item\":\"http:\/\/voyage-guide-francais-panama.com\/\"},{\"@type\":\"ListItem\",\"position\":2,\"name\":\"Excursions\"}]},{\"@type\":\"WebSite\",\"@id\":\"https:\/\/voyage-guide-francais-panama.com\/#website\",\"url\":\"https:\/\/voyage-guide-francais-panama.com\/\",\"name\":\"J\u00e9r\u00f4me PUJOL Guide fran\u00e7ais au Panama | Visite priv\u00e9e avec guide francophone\",\"description\":\"Guide fran\u00e7ais au Panama | Visite priv\u00e9e avec guide francophone\",\"publisher\":{\"@id\":\"https:\/\/voyage-guide-francais-panama.com\/#organization\"},\"alternateName\":\"Guide fran\u00e7ais au Panama | Visite priv\u00e9e avec guide francophone\",\"potentialAction\":[{\"@type\":\"SearchAction\",\"target\":{\"@type\":\"EntryPoint\",\"urlTemplate\":\"https:\/\/voyage-guide-francais-panama.com\/?s={search_term_string}\"},\"query-input\":{\"@type\":\"PropertyValueSpecification\",\"valueRequired\":true,\"valueName\":\"search_term_string\"}}],\"inLanguage\":\"fr-FR\"},{\"@type\":\"Organization\",\"@id\":\"https:\/\/voyage-guide-francais-panama.com\/#organization\",\"name\":\"J\u00e9r\u00f4me Pujol\",\"url\":\"https:\/\/voyage-guide-francais-panama.com\/\",\"logo\":{\"@type\":\"ImageObject\",\"inLanguage\":\"fr-FR\",\"@id\":\"https:\/\/voyage-guide-francais-panama.com\/#\/schema\/logo\/image\/\",\"url\":\"https:\/\/voyage-guide-francais-panama.com\/wp-content\/uploads\/2023\/04\/cropped-cropped-cropped-cropped-logo-1-e1682256137361.jpg\",\"contentUrl\":\"https:\/\/voyage-guide-francais-panama.com\/wp-content\/uploads\/2023\/04\/cropped-cropped-cropped-cropped-logo-1-e1682256137361.jpg\",\"width\":120,\"height\":120,\"caption\":\"J\u00e9r\u00f4me Pujol\"},\"image\":{\"@id\":\"https:\/\/voyage-guide-francais-panama.com\/#\/schema\/logo\/image\/\"}}]}<\/script>\n<!-- \/ Yoast SEO plugin. -->","yoast_head_json":{"title":"Excursions - J\u00e9r\u00f4me Pujol Guide fran\u00e7ais au Panama | Visite priv\u00e9e avec guide francophone","robots":{"index":"index","follow":"follow","max-snippet":"max-snippet:-1","max-image-preview":"max-image-preview:large","max-video-preview":"max-video-preview:-1"},"canonical":"https:\/\/voyage-guide-francais-panama.com\/index.php\/excursions\/","og_locale":"fr_FR","og_type":"article","og_title":"Excursions - J\u00e9r\u00f4me Pujol Guide fran\u00e7ais au Panama | Visite priv\u00e9e avec guide francophone","og_description":"Je vous propose 8 excursions d\u00e9taill\u00e9es sur ce site. Vous pouvez les d\u00e9couvrir en fin de page d&rsquo;accueil ou en effectuant une recherche par mots-cl\u00e9s sur le site. D&rsquo;autres excursions ou s\u00e9jours sont possibles. Je peux aussi organiser un circuit dans tout le pays.Pour donner &hellip;","og_url":"https:\/\/voyage-guide-francais-panama.com\/index.php\/excursions\/","og_site_name":"J\u00e9r\u00f4me Pujol Guide fran\u00e7ais au Panama | Visite priv\u00e9e avec guide francophone","article_modified_time":"2023-04-29T10:06:10+00:00","twitter_card":"summary_large_image","twitter_misc":{"Dur\u00e9e de lecture estim\u00e9e":"1 minute"},"schema":{"@context":"https:\/\/schema.org","@graph":[{"@type":"WebPage","@id":"https:\/\/voyage-guide-francais-panama.com\/index.php\/excursions\/","url":"https:\/\/voyage-guide-francais-panama.com\/index.php\/excursions\/","name":"Excursions - J\u00e9r\u00f4me Pujol Guide fran\u00e7ais au Panama | Visite priv\u00e9e avec guide francophone","isPartOf":{"@id":"https:\/\/voyage-guide-francais-panama.com\/#website"},"datePublished":"2023-04-15T12:43:58+00:00","dateModified":"2023-04-29T10:06:10+00:00","breadcrumb":{"@id":"https:\/\/voyage-guide-francais-panama.com\/index.php\/excursions\/#breadcrumb"},"inLanguage":"fr-FR","potentialAction":[{"@type":"ReadAction","target":["https:\/\/voyage-guide-francais-panama.com\/index.php\/excursions\/"]}]},{"@type":"BreadcrumbList","@id":"https:\/\/voyage-guide-francais-panama.com\/index.php\/excursions\/#breadcrumb","itemListElement":[{"@type":"ListItem","position":1,"name":"Accueil","item":"http:\/\/voyage-guide-francais-panama.com\/"},{"@type":"ListItem","position":2,"name":"Excursions"}]},{"@type":"WebSite","@id":"https:\/\/voyage-guide-francais-panama.com\/#website","url":"https:\/\/voyage-guide-francais-panama.com\/","name":"J\u00e9r\u00f4me PUJOL Guide fran\u00e7ais au Panama | Visite priv\u00e9e avec guide francophone","description":"Guide fran\u00e7ais au Panama | Visite priv\u00e9e avec guide francophone","publisher":{"@id":"https:\/\/voyage-guide-francais-panama.com\/#organization"},"alternateName":"Guide fran\u00e7ais au Panama | Visite priv\u00e9e avec guide francophone","potentialAction":[{"@type":"SearchAction","target":{"@type":"EntryPoint","urlTemplate":"https:\/\/voyage-guide-francais-panama.com\/?s={search_term_string}"},"query-input":{"@type":"PropertyValueSpecification","valueRequired":true,"valueName":"search_term_string"}}],"inLanguage":"fr-FR"},{"@type":"Organization","@id":"https:\/\/voyage-guide-francais-panama.com\/#organization","name":"J\u00e9r\u00f4me Pujol","url":"https:\/\/voyage-guide-francais-panama.com\/","logo":{"@type":"ImageObject","inLanguage":"fr-FR","@id":"https:\/\/voyage-guide-francais-panama.com\/#\/schema\/logo\/image\/","url":"https:\/\/voyage-guide-francais-panama.com\/wp-content\/uploads\/2023\/04\/cropped-cropped-cropped-cropped-logo-1-e1682256137361.jpg","contentUrl":"https:\/\/voyage-guide-francais-panama.com\/wp-content\/uploads\/2023\/04\/cropped-cropped-cropped-cropped-logo-1-e1682256137361.jpg","width":120,"height":120,"caption":"J\u00e9r\u00f4me Pujol"},"image":{"@id":"https:\/\/voyage-guide-francais-panama.com\/#\/schema\/logo\/image\/"}}]}},"_links":{"self":[{"href":"https:\/\/voyage-guide-francais-panama.com\/index.php\/wp-json\/wp\/v2\/pages\/308","targetHints":{"allow":["GET"]}}],"collection":[{"href":"https:\/\/voyage-guide-francais-panama.com\/index.php\/wp-json\/wp\/v2\/pages"}],"about":[{"href":"https:\/\/voyage-guide-francais-panama.com\/index.php\/wp-json\/wp\/v2\/types\/page"}],"author":[{"embeddable":true,"href":"https:\/\/voyage-guide-francais-panama.com\/index.php\/wp-json\/wp\/v2\/users\/1"}],"replies":[{"embeddable":true,"href":"https:\/\/voyage-guide-francais-panama.com\/index.php\/wp-json\/wp\/v2\/comments?post=308"}],"version-history":[{"count":3,"href":"https:\/\/voyage-guide-francais-panama.com\/index.php\/wp-json\/wp\/v2\/pages\/308\/revisions"}],"predecessor-version":[{"id":550,"href":"https:\/\/voyage-guide-francais-panama.com\/index.php\/wp-json\/wp\/v2\/pages\/308\/revisions\/550"}],"wp:attachment":[{"href":"https:\/\/voyage-guide-francais-panama.com\/index.php\/wp-json\/wp\/v2\/media?parent=308"}],"curies":[{"name":"wp","href":"https:\/\/api.w.org\/{rel}","templated":true}]}}