{"id":454,"date":"2023-04-23T15:10:01","date_gmt":"2023-04-23T13:10:01","guid":{"rendered":"https:\/\/voyage-guide-francais-panama.com\/?page_id=454"},"modified":"2023-04-28T18:16:26","modified_gmt":"2023-04-28T16:16:26","slug":"contactez-moi","status":"publish","type":"page","link":"https:\/\/voyage-guide-francais-panama.com\/index.php\/contactez-moi\/","title":{"rendered":"Contact"},"content":{"rendered":"\n<p>Vous pouvez me contacter directement par&nbsp;whatsapp au +33 6 12 76 44 53 ou par le formulaire ci dessous que je recevrai directement sur mon adresse mail or8182@hotmail.fr<\/p>\n\n\n<p>[contact-form-7 id=\u00a0\u00bb529&Prime; title=\u00a0\u00bbFormulaire de contact\u00a0\u00bb]<\/p>\n","protected":false},"excerpt":{"rendered":"<p>Vous pouvez me contacter directement par&nbsp;whatsapp au +33 6 12 76 44 53 ou par le formulaire ci dessous que je recevrai directement sur mon adresse mail or8182@hotmail.fr<\/p>\n","protected":false},"author":1,"featured_media":0,"parent":0,"menu_order":0,"comment_status":"closed","ping_status":"closed","template":"","meta":{"footnotes":""},"class_list":["post-454","page","type-page","status-publish","hentry"],"yoast_head":"<!-- This site is optimized with the Yoast SEO plugin v27.2 - https:\/\/yoast.com\/product\/yoast-seo-wordpress\/ -->\n<title>Contact - J\u00e9r\u00f4me Pujol Guide fran\u00e7ais au Panama | Visite priv\u00e9e avec guide francophone<\/title>\n<meta name=\"robots\" content=\"index, follow, max-snippet:-1, max-image-preview:large, max-video-preview:-1\" \/>\n<link rel=\"canonical\" href=\"https:\/\/voyage-guide-francais-panama.com\/index.php\/contactez-moi\/\" \/>\n<meta property=\"og:locale\" content=\"fr_FR\" \/>\n<meta property=\"og:type\" content=\"article\" \/>\n<meta property=\"og:title\" content=\"Contact - J\u00e9r\u00f4me Pujol Guide fran\u00e7ais au Panama | Visite priv\u00e9e avec guide francophone\" \/>\n<meta property=\"og:description\" content=\"Vous pouvez me contacter directement par&nbsp;whatsapp au +33 6 12 76 44 53 ou par le formulaire ci dessous que je recevrai directement sur mon adresse mail or8182@hotmail.fr\" \/>\n<meta property=\"og:url\" content=\"https:\/\/voyage-guide-francais-panama.com\/index.php\/contactez-moi\/\" \/>\n<meta property=\"og:site_name\" content=\"J\u00e9r\u00f4me Pujol Guide fran\u00e7ais au Panama | Visite priv\u00e9e avec guide francophone\" \/>\n<meta property=\"article:modified_time\" content=\"2023-04-28T16:16:26+00:00\" \/>\n<meta name=\"twitter:card\" content=\"summary_large_image\" \/>\n<script type=\"application\/ld+json\" class=\"yoast-schema-graph\">{\"@context\":\"https:\/\/schema.org\",\"@graph\":[{\"@type\":\"WebPage\",\"@id\":\"https:\/\/voyage-guide-francais-panama.com\/index.php\/contactez-moi\/\",\"url\":\"https:\/\/voyage-guide-francais-panama.com\/index.php\/contactez-moi\/\",\"name\":\"Contact - J\u00e9r\u00f4me Pujol Guide fran\u00e7ais au Panama | Visite priv\u00e9e avec guide francophone\",\"isPartOf\":{\"@id\":\"https:\/\/voyage-guide-francais-panama.com\/#website\"},\"datePublished\":\"2023-04-23T13:10:01+00:00\",\"dateModified\":\"2023-04-28T16:16:26+00:00\",\"breadcrumb\":{\"@id\":\"https:\/\/voyage-guide-francais-panama.com\/index.php\/contactez-moi\/#breadcrumb\"},\"inLanguage\":\"fr-FR\",\"potentialAction\":[{\"@type\":\"ReadAction\",\"target\":[\"https:\/\/voyage-guide-francais-panama.com\/index.php\/contactez-moi\/\"]}]},{\"@type\":\"BreadcrumbList\",\"@id\":\"https:\/\/voyage-guide-francais-panama.com\/index.php\/contactez-moi\/#breadcrumb\",\"itemListElement\":[{\"@type\":\"ListItem\",\"position\":1,\"name\":\"Accueil\",\"item\":\"http:\/\/voyage-guide-francais-panama.com\/\"},{\"@type\":\"ListItem\",\"position\":2,\"name\":\"Contact\"}]},{\"@type\":\"WebSite\",\"@id\":\"https:\/\/voyage-guide-francais-panama.com\/#website\",\"url\":\"https:\/\/voyage-guide-francais-panama.com\/\",\"name\":\"J\u00e9r\u00f4me PUJOL Guide fran\u00e7ais au Panama | Visite priv\u00e9e avec guide francophone\",\"description\":\"Guide fran\u00e7ais au Panama | Visite priv\u00e9e avec guide francophone\",\"publisher\":{\"@id\":\"https:\/\/voyage-guide-francais-panama.com\/#organization\"},\"alternateName\":\"Guide fran\u00e7ais au Panama | Visite priv\u00e9e avec guide francophone\",\"potentialAction\":[{\"@type\":\"SearchAction\",\"target\":{\"@type\":\"EntryPoint\",\"urlTemplate\":\"https:\/\/voyage-guide-francais-panama.com\/?s={search_term_string}\"},\"query-input\":{\"@type\":\"PropertyValueSpecification\",\"valueRequired\":true,\"valueName\":\"search_term_string\"}}],\"inLanguage\":\"fr-FR\"},{\"@type\":\"Organization\",\"@id\":\"https:\/\/voyage-guide-francais-panama.com\/#organization\",\"name\":\"J\u00e9r\u00f4me Pujol\",\"url\":\"https:\/\/voyage-guide-francais-panama.com\/\",\"logo\":{\"@type\":\"ImageObject\",\"inLanguage\":\"fr-FR\",\"@id\":\"https:\/\/voyage-guide-francais-panama.com\/#\/schema\/logo\/image\/\",\"url\":\"https:\/\/voyage-guide-francais-panama.com\/wp-content\/uploads\/2023\/04\/cropped-cropped-cropped-cropped-logo-1-e1682256137361.jpg\",\"contentUrl\":\"https:\/\/voyage-guide-francais-panama.com\/wp-content\/uploads\/2023\/04\/cropped-cropped-cropped-cropped-logo-1-e1682256137361.jpg\",\"width\":120,\"height\":120,\"caption\":\"J\u00e9r\u00f4me Pujol\"},\"image\":{\"@id\":\"https:\/\/voyage-guide-francais-panama.com\/#\/schema\/logo\/image\/\"}}]}<\/script>\n<!-- \/ Yoast SEO plugin. -->","yoast_head_json":{"title":"Contact - J\u00e9r\u00f4me Pujol Guide fran\u00e7ais au Panama | Visite priv\u00e9e avec guide francophone","robots":{"index":"index","follow":"follow","max-snippet":"max-snippet:-1","max-image-preview":"max-image-preview:large","max-video-preview":"max-video-preview:-1"},"canonical":"https:\/\/voyage-guide-francais-panama.com\/index.php\/contactez-moi\/","og_locale":"fr_FR","og_type":"article","og_title":"Contact - J\u00e9r\u00f4me Pujol Guide fran\u00e7ais au Panama | Visite priv\u00e9e avec guide francophone","og_description":"Vous pouvez me contacter directement par&nbsp;whatsapp au +33 6 12 76 44 53 ou par le formulaire ci dessous que je recevrai directement sur mon adresse mail or8182@hotmail.fr","og_url":"https:\/\/voyage-guide-francais-panama.com\/index.php\/contactez-moi\/","og_site_name":"J\u00e9r\u00f4me Pujol Guide fran\u00e7ais au Panama | Visite priv\u00e9e avec guide francophone","article_modified_time":"2023-04-28T16:16:26+00:00","twitter_card":"summary_large_image","schema":{"@context":"https:\/\/schema.org","@graph":[{"@type":"WebPage","@id":"https:\/\/voyage-guide-francais-panama.com\/index.php\/contactez-moi\/","url":"https:\/\/voyage-guide-francais-panama.com\/index.php\/contactez-moi\/","name":"Contact - J\u00e9r\u00f4me Pujol Guide fran\u00e7ais au Panama | Visite priv\u00e9e avec guide francophone","isPartOf":{"@id":"https:\/\/voyage-guide-francais-panama.com\/#website"},"datePublished":"2023-04-23T13:10:01+00:00","dateModified":"2023-04-28T16:16:26+00:00","breadcrumb":{"@id":"https:\/\/voyage-guide-francais-panama.com\/index.php\/contactez-moi\/#breadcrumb"},"inLanguage":"fr-FR","potentialAction":[{"@type":"ReadAction","target":["https:\/\/voyage-guide-francais-panama.com\/index.php\/contactez-moi\/"]}]},{"@type":"BreadcrumbList","@id":"https:\/\/voyage-guide-francais-panama.com\/index.php\/contactez-moi\/#breadcrumb","itemListElement":[{"@type":"ListItem","position":1,"name":"Accueil","item":"http:\/\/voyage-guide-francais-panama.com\/"},{"@type":"ListItem","position":2,"name":"Contact"}]},{"@type":"WebSite","@id":"https:\/\/voyage-guide-francais-panama.com\/#website","url":"https:\/\/voyage-guide-francais-panama.com\/","name":"J\u00e9r\u00f4me PUJOL Guide fran\u00e7ais au Panama | Visite priv\u00e9e avec guide francophone","description":"Guide fran\u00e7ais au Panama | Visite priv\u00e9e avec guide francophone","publisher":{"@id":"https:\/\/voyage-guide-francais-panama.com\/#organization"},"alternateName":"Guide fran\u00e7ais au Panama | Visite priv\u00e9e avec guide francophone","potentialAction":[{"@type":"SearchAction","target":{"@type":"EntryPoint","urlTemplate":"https:\/\/voyage-guide-francais-panama.com\/?s={search_term_string}"},"query-input":{"@type":"PropertyValueSpecification","valueRequired":true,"valueName":"search_term_string"}}],"inLanguage":"fr-FR"},{"@type":"Organization","@id":"https:\/\/voyage-guide-francais-panama.com\/#organization","name":"J\u00e9r\u00f4me Pujol","url":"https:\/\/voyage-guide-francais-panama.com\/","logo":{"@type":"ImageObject","inLanguage":"fr-FR","@id":"https:\/\/voyage-guide-francais-panama.com\/#\/schema\/logo\/image\/","url":"https:\/\/voyage-guide-francais-panama.com\/wp-content\/uploads\/2023\/04\/cropped-cropped-cropped-cropped-logo-1-e1682256137361.jpg","contentUrl":"https:\/\/voyage-guide-francais-panama.com\/wp-content\/uploads\/2023\/04\/cropped-cropped-cropped-cropped-logo-1-e1682256137361.jpg","width":120,"height":120,"caption":"J\u00e9r\u00f4me Pujol"},"image":{"@id":"https:\/\/voyage-guide-francais-panama.com\/#\/schema\/logo\/image\/"}}]}},"_links":{"self":[{"href":"https:\/\/voyage-guide-francais-panama.com\/index.php\/wp-json\/wp\/v2\/pages\/454","targetHints":{"allow":["GET"]}}],"collection":[{"href":"https:\/\/voyage-guide-francais-panama.com\/index.php\/wp-json\/wp\/v2\/pages"}],"about":[{"href":"https:\/\/voyage-guide-francais-panama.com\/index.php\/wp-json\/wp\/v2\/types\/page"}],"author":[{"embeddable":true,"href":"https:\/\/voyage-guide-francais-panama.com\/index.php\/wp-json\/wp\/v2\/users\/1"}],"replies":[{"embeddable":true,"href":"https:\/\/voyage-guide-francais-panama.com\/index.php\/wp-json\/wp\/v2\/comments?post=454"}],"version-history":[{"count":6,"href":"https:\/\/voyage-guide-francais-panama.com\/index.php\/wp-json\/wp\/v2\/pages\/454\/revisions"}],"predecessor-version":[{"id":534,"href":"https:\/\/voyage-guide-francais-panama.com\/index.php\/wp-json\/wp\/v2\/pages\/454\/revisions\/534"}],"wp:attachment":[{"href":"https:\/\/voyage-guide-francais-panama.com\/index.php\/wp-json\/wp\/v2\/media?parent=454"}],"curies":[{"name":"wp","href":"https:\/\/api.w.org\/{rel}","templated":true}]}}