{"id":713,"date":"2024-11-13T14:08:02","date_gmt":"2024-11-13T13:08:02","guid":{"rendered":"https:\/\/voyage-guide-francais-panama.com\/?page_id=713"},"modified":"2024-11-13T14:09:17","modified_gmt":"2024-11-13T13:09:17","slug":"excursion-n9-visite-dune-ferme-locale-de-production-dananas-et-de-fruits-de-la-passion","status":"publish","type":"page","link":"https:\/\/voyage-guide-francais-panama.com\/index.php\/excursion-n9-visite-dune-ferme-locale-de-production-dananas-et-de-fruits-de-la-passion\/","title":{"rendered":"Excursion n\u00b09 &#8211; Visite d&rsquo;une ferme locale de production d&rsquo;ananas et de fruits\u00a0de\u00a0la\u00a0passion"},"content":{"rendered":"\n<p>Nous partons de la capitale direction ouest (sens Costa Rica), en empruntant la route panam\u00e9ricaine. C&rsquo;est une journ\u00e9e d\u00e9couverte des produits locaux dans une ferme de champs d&rsquo;ananas et de fruits de la passion.<br>Nous ferons \u00e9galement un arr\u00eat dans un lieu de vente de fromages&nbsp;locaux.<\/p>\n\n\n\n<figure class=\"wp-block-gallery has-nested-images columns-default is-cropped wp-block-gallery-1 is-layout-flex wp-block-gallery-is-layout-flex\">\n<figure class=\"wp-block-image size-large\"><img fetchpriority=\"high\" decoding=\"async\" width=\"658\" height=\"1024\" data-id=\"720\" src=\"https:\/\/voyage-guide-francais-panama.com\/wp-content\/uploads\/2024\/11\/IMG-20241113-WA0007-658x1024.jpg\" alt=\"\" class=\"wp-image-720\" srcset=\"https:\/\/voyage-guide-francais-panama.com\/wp-content\/uploads\/2024\/11\/IMG-20241113-WA0007-658x1024.jpg 658w, https:\/\/voyage-guide-francais-panama.com\/wp-content\/uploads\/2024\/11\/IMG-20241113-WA0007-193x300.jpg 193w, https:\/\/voyage-guide-francais-panama.com\/wp-content\/uploads\/2024\/11\/IMG-20241113-WA0007-768x1195.jpg 768w, https:\/\/voyage-guide-francais-panama.com\/wp-content\/uploads\/2024\/11\/IMG-20241113-WA0007-987x1536.jpg 987w, https:\/\/voyage-guide-francais-panama.com\/wp-content\/uploads\/2024\/11\/IMG-20241113-WA0007-39x60.jpg 39w, https:\/\/voyage-guide-francais-panama.com\/wp-content\/uploads\/2024\/11\/IMG-20241113-WA0007.jpg 1028w\" sizes=\"(max-width: 658px) 100vw, 658px\" \/><\/figure>\n\n\n\n<figure class=\"wp-block-image size-large\"><img decoding=\"async\" width=\"1024\" height=\"997\" data-id=\"719\" src=\"https:\/\/voyage-guide-francais-panama.com\/wp-content\/uploads\/2024\/11\/IMG-20241113-WA0006-1024x997.jpg\" alt=\"\" class=\"wp-image-719\" srcset=\"https:\/\/voyage-guide-francais-panama.com\/wp-content\/uploads\/2024\/11\/IMG-20241113-WA0006-1024x997.jpg 1024w, https:\/\/voyage-guide-francais-panama.com\/wp-content\/uploads\/2024\/11\/IMG-20241113-WA0006-300x292.jpg 300w, https:\/\/voyage-guide-francais-panama.com\/wp-content\/uploads\/2024\/11\/IMG-20241113-WA0006-768x748.jpg 768w, https:\/\/voyage-guide-francais-panama.com\/wp-content\/uploads\/2024\/11\/IMG-20241113-WA0006-62x60.jpg 62w, https:\/\/voyage-guide-francais-panama.com\/wp-content\/uploads\/2024\/11\/IMG-20241113-WA0006.jpg 1080w\" sizes=\"(max-width: 1024px) 100vw, 1024px\" \/><\/figure>\n\n\n\n<figure class=\"wp-block-image size-large\"><img decoding=\"async\" width=\"1024\" height=\"853\" data-id=\"718\" src=\"https:\/\/voyage-guide-francais-panama.com\/wp-content\/uploads\/2024\/11\/IMG-20241113-WA0005-1024x853.jpg\" alt=\"\" class=\"wp-image-718\" srcset=\"https:\/\/voyage-guide-francais-panama.com\/wp-content\/uploads\/2024\/11\/IMG-20241113-WA0005-1024x853.jpg 1024w, https:\/\/voyage-guide-francais-panama.com\/wp-content\/uploads\/2024\/11\/IMG-20241113-WA0005-300x250.jpg 300w, https:\/\/voyage-guide-francais-panama.com\/wp-content\/uploads\/2024\/11\/IMG-20241113-WA0005-768x640.jpg 768w, https:\/\/voyage-guide-francais-panama.com\/wp-content\/uploads\/2024\/11\/IMG-20241113-WA0005-72x60.jpg 72w, https:\/\/voyage-guide-francais-panama.com\/wp-content\/uploads\/2024\/11\/IMG-20241113-WA0005.jpg 1080w\" sizes=\"(max-width: 1024px) 100vw, 1024px\" \/><\/figure>\n\n\n\n<figure class=\"wp-block-image size-large\"><img loading=\"lazy\" decoding=\"async\" width=\"1024\" height=\"1011\" data-id=\"717\" src=\"https:\/\/voyage-guide-francais-panama.com\/wp-content\/uploads\/2024\/11\/IMG-20241113-WA0004-1024x1011.jpg\" alt=\"\" class=\"wp-image-717\" srcset=\"https:\/\/voyage-guide-francais-panama.com\/wp-content\/uploads\/2024\/11\/IMG-20241113-WA0004-1024x1011.jpg 1024w, https:\/\/voyage-guide-francais-panama.com\/wp-content\/uploads\/2024\/11\/IMG-20241113-WA0004-300x296.jpg 300w, https:\/\/voyage-guide-francais-panama.com\/wp-content\/uploads\/2024\/11\/IMG-20241113-WA0004-768x758.jpg 768w, https:\/\/voyage-guide-francais-panama.com\/wp-content\/uploads\/2024\/11\/IMG-20241113-WA0004-61x60.jpg 61w, https:\/\/voyage-guide-francais-panama.com\/wp-content\/uploads\/2024\/11\/IMG-20241113-WA0004.jpg 1080w\" sizes=\"(max-width: 1024px) 100vw, 1024px\" \/><\/figure>\n\n\n\n<figure class=\"wp-block-image size-large\"><img loading=\"lazy\" decoding=\"async\" width=\"1024\" height=\"860\" data-id=\"716\" src=\"https:\/\/voyage-guide-francais-panama.com\/wp-content\/uploads\/2024\/11\/IMG-20241113-WA0003-1024x860.jpg\" alt=\"\" class=\"wp-image-716\" srcset=\"https:\/\/voyage-guide-francais-panama.com\/wp-content\/uploads\/2024\/11\/IMG-20241113-WA0003-1024x860.jpg 1024w, https:\/\/voyage-guide-francais-panama.com\/wp-content\/uploads\/2024\/11\/IMG-20241113-WA0003-300x252.jpg 300w, https:\/\/voyage-guide-francais-panama.com\/wp-content\/uploads\/2024\/11\/IMG-20241113-WA0003-768x645.jpg 768w, https:\/\/voyage-guide-francais-panama.com\/wp-content\/uploads\/2024\/11\/IMG-20241113-WA0003-71x60.jpg 71w, https:\/\/voyage-guide-francais-panama.com\/wp-content\/uploads\/2024\/11\/IMG-20241113-WA0003.jpg 1080w\" sizes=\"(max-width: 1024px) 100vw, 1024px\" \/><\/figure>\n\n\n\n<figure class=\"wp-block-image size-large\"><img loading=\"lazy\" decoding=\"async\" width=\"790\" height=\"1024\" data-id=\"715\" src=\"https:\/\/voyage-guide-francais-panama.com\/wp-content\/uploads\/2024\/11\/IMG-20241113-WA0002-790x1024.jpg\" alt=\"\" class=\"wp-image-715\" srcset=\"https:\/\/voyage-guide-francais-panama.com\/wp-content\/uploads\/2024\/11\/IMG-20241113-WA0002-790x1024.jpg 790w, https:\/\/voyage-guide-francais-panama.com\/wp-content\/uploads\/2024\/11\/IMG-20241113-WA0002-231x300.jpg 231w, https:\/\/voyage-guide-francais-panama.com\/wp-content\/uploads\/2024\/11\/IMG-20241113-WA0002-768x996.jpg 768w, https:\/\/voyage-guide-francais-panama.com\/wp-content\/uploads\/2024\/11\/IMG-20241113-WA0002-46x60.jpg 46w, https:\/\/voyage-guide-francais-panama.com\/wp-content\/uploads\/2024\/11\/IMG-20241113-WA0002.jpg 1080w\" sizes=\"(max-width: 790px) 100vw, 790px\" \/><\/figure>\n\n\n\n<figure class=\"wp-block-image size-large\"><img loading=\"lazy\" decoding=\"async\" width=\"926\" height=\"1024\" data-id=\"714\" src=\"https:\/\/voyage-guide-francais-panama.com\/wp-content\/uploads\/2024\/11\/IMG-20241113-WA0001-926x1024.jpg\" alt=\"\" class=\"wp-image-714\" srcset=\"https:\/\/voyage-guide-francais-panama.com\/wp-content\/uploads\/2024\/11\/IMG-20241113-WA0001-926x1024.jpg 926w, https:\/\/voyage-guide-francais-panama.com\/wp-content\/uploads\/2024\/11\/IMG-20241113-WA0001-271x300.jpg 271w, https:\/\/voyage-guide-francais-panama.com\/wp-content\/uploads\/2024\/11\/IMG-20241113-WA0001-768x849.jpg 768w, https:\/\/voyage-guide-francais-panama.com\/wp-content\/uploads\/2024\/11\/IMG-20241113-WA0001-54x60.jpg 54w, https:\/\/voyage-guide-francais-panama.com\/wp-content\/uploads\/2024\/11\/IMG-20241113-WA0001.jpg 1077w\" sizes=\"(max-width: 926px) 100vw, 926px\" \/><\/figure>\n<\/figure>\n","protected":false},"excerpt":{"rendered":"<p>Nous partons de la capitale direction ouest (sens Costa Rica), en empruntant la route panam\u00e9ricaine. C&rsquo;est une journ\u00e9e d\u00e9couverte des produits locaux dans une ferme de champs d&rsquo;ananas et de fruits de la passion.Nous ferons \u00e9galement un arr\u00eat dans un lieu de vente de fromages&nbsp;locaux.<\/p>\n","protected":false},"author":1,"featured_media":0,"parent":0,"menu_order":0,"comment_status":"closed","ping_status":"closed","template":"","meta":{"footnotes":""},"class_list":["post-713","page","type-page","status-publish","hentry"],"yoast_head":"<!-- This site is optimized with the Yoast SEO plugin v27.2 - https:\/\/yoast.com\/product\/yoast-seo-wordpress\/ -->\n<title>Excursion n\u00b09 - Visite d&#039;une ferme locale de production d&#039;ananas et de fruits\u00a0de\u00a0la\u00a0passion - J\u00e9r\u00f4me Pujol Guide fran\u00e7ais au Panama | Visite priv\u00e9e avec guide francophone<\/title>\n<meta name=\"robots\" content=\"index, follow, max-snippet:-1, max-image-preview:large, max-video-preview:-1\" \/>\n<link rel=\"canonical\" href=\"https:\/\/voyage-guide-francais-panama.com\/index.php\/excursion-n9-visite-dune-ferme-locale-de-production-dananas-et-de-fruits-de-la-passion\/\" \/>\n<meta property=\"og:locale\" content=\"fr_FR\" \/>\n<meta property=\"og:type\" content=\"article\" \/>\n<meta property=\"og:title\" content=\"Excursion n\u00b09 - Visite d&#039;une ferme locale de production d&#039;ananas et de fruits\u00a0de\u00a0la\u00a0passion - J\u00e9r\u00f4me Pujol Guide fran\u00e7ais au Panama | Visite priv\u00e9e avec guide francophone\" \/>\n<meta property=\"og:description\" content=\"Nous partons de la capitale direction ouest (sens Costa Rica), en empruntant la route panam\u00e9ricaine. C&rsquo;est une journ\u00e9e d\u00e9couverte des produits locaux dans une ferme de champs d&rsquo;ananas et de fruits de la passion.Nous ferons \u00e9galement un arr\u00eat dans un lieu de vente de fromages&nbsp;locaux.\" \/>\n<meta property=\"og:url\" content=\"https:\/\/voyage-guide-francais-panama.com\/index.php\/excursion-n9-visite-dune-ferme-locale-de-production-dananas-et-de-fruits-de-la-passion\/\" \/>\n<meta property=\"og:site_name\" content=\"J\u00e9r\u00f4me Pujol Guide fran\u00e7ais au Panama | Visite priv\u00e9e avec guide francophone\" \/>\n<meta property=\"article:modified_time\" content=\"2024-11-13T13:09:17+00:00\" \/>\n<meta property=\"og:image\" content=\"https:\/\/voyage-guide-francais-panama.com\/wp-content\/uploads\/2024\/11\/IMG-20241113-WA0007-658x1024.jpg\" \/>\n<meta name=\"twitter:card\" content=\"summary_large_image\" \/>\n<script type=\"application\/ld+json\" class=\"yoast-schema-graph\">{\"@context\":\"https:\/\/schema.org\",\"@graph\":[{\"@type\":\"WebPage\",\"@id\":\"https:\/\/voyage-guide-francais-panama.com\/index.php\/excursion-n9-visite-dune-ferme-locale-de-production-dananas-et-de-fruits-de-la-passion\/\",\"url\":\"https:\/\/voyage-guide-francais-panama.com\/index.php\/excursion-n9-visite-dune-ferme-locale-de-production-dananas-et-de-fruits-de-la-passion\/\",\"name\":\"Excursion n\u00b09 - Visite d'une ferme locale de production d'ananas et de fruits\u00a0de\u00a0la\u00a0passion - J\u00e9r\u00f4me Pujol Guide fran\u00e7ais au Panama | Visite priv\u00e9e avec guide francophone\",\"isPartOf\":{\"@id\":\"https:\/\/voyage-guide-francais-panama.com\/#website\"},\"primaryImageOfPage\":{\"@id\":\"https:\/\/voyage-guide-francais-panama.com\/index.php\/excursion-n9-visite-dune-ferme-locale-de-production-dananas-et-de-fruits-de-la-passion\/#primaryimage\"},\"image\":{\"@id\":\"https:\/\/voyage-guide-francais-panama.com\/index.php\/excursion-n9-visite-dune-ferme-locale-de-production-dananas-et-de-fruits-de-la-passion\/#primaryimage\"},\"thumbnailUrl\":\"https:\/\/voyage-guide-francais-panama.com\/wp-content\/uploads\/2024\/11\/IMG-20241113-WA0007-658x1024.jpg\",\"datePublished\":\"2024-11-13T13:08:02+00:00\",\"dateModified\":\"2024-11-13T13:09:17+00:00\",\"breadcrumb\":{\"@id\":\"https:\/\/voyage-guide-francais-panama.com\/index.php\/excursion-n9-visite-dune-ferme-locale-de-production-dananas-et-de-fruits-de-la-passion\/#breadcrumb\"},\"inLanguage\":\"fr-FR\",\"potentialAction\":[{\"@type\":\"ReadAction\",\"target\":[\"https:\/\/voyage-guide-francais-panama.com\/index.php\/excursion-n9-visite-dune-ferme-locale-de-production-dananas-et-de-fruits-de-la-passion\/\"]}]},{\"@type\":\"ImageObject\",\"inLanguage\":\"fr-FR\",\"@id\":\"https:\/\/voyage-guide-francais-panama.com\/index.php\/excursion-n9-visite-dune-ferme-locale-de-production-dananas-et-de-fruits-de-la-passion\/#primaryimage\",\"url\":\"https:\/\/voyage-guide-francais-panama.com\/wp-content\/uploads\/2024\/11\/IMG-20241113-WA0007.jpg\",\"contentUrl\":\"https:\/\/voyage-guide-francais-panama.com\/wp-content\/uploads\/2024\/11\/IMG-20241113-WA0007.jpg\",\"width\":1028,\"height\":1600},{\"@type\":\"BreadcrumbList\",\"@id\":\"https:\/\/voyage-guide-francais-panama.com\/index.php\/excursion-n9-visite-dune-ferme-locale-de-production-dananas-et-de-fruits-de-la-passion\/#breadcrumb\",\"itemListElement\":[{\"@type\":\"ListItem\",\"position\":1,\"name\":\"Accueil\",\"item\":\"http:\/\/voyage-guide-francais-panama.com\/\"},{\"@type\":\"ListItem\",\"position\":2,\"name\":\"Excursion n\u00b09 &#8211; Visite d&rsquo;une ferme locale de production d&rsquo;ananas et de fruits\u00a0de\u00a0la\u00a0passion\"}]},{\"@type\":\"WebSite\",\"@id\":\"https:\/\/voyage-guide-francais-panama.com\/#website\",\"url\":\"https:\/\/voyage-guide-francais-panama.com\/\",\"name\":\"J\u00e9r\u00f4me PUJOL Guide fran\u00e7ais au Panama | Visite priv\u00e9e avec guide francophone\",\"description\":\"Guide fran\u00e7ais au Panama | Visite priv\u00e9e avec guide francophone\",\"publisher\":{\"@id\":\"https:\/\/voyage-guide-francais-panama.com\/#organization\"},\"alternateName\":\"Guide fran\u00e7ais au Panama | Visite priv\u00e9e avec guide francophone\",\"potentialAction\":[{\"@type\":\"SearchAction\",\"target\":{\"@type\":\"EntryPoint\",\"urlTemplate\":\"https:\/\/voyage-guide-francais-panama.com\/?s={search_term_string}\"},\"query-input\":{\"@type\":\"PropertyValueSpecification\",\"valueRequired\":true,\"valueName\":\"search_term_string\"}}],\"inLanguage\":\"fr-FR\"},{\"@type\":\"Organization\",\"@id\":\"https:\/\/voyage-guide-francais-panama.com\/#organization\",\"name\":\"J\u00e9r\u00f4me Pujol\",\"url\":\"https:\/\/voyage-guide-francais-panama.com\/\",\"logo\":{\"@type\":\"ImageObject\",\"inLanguage\":\"fr-FR\",\"@id\":\"https:\/\/voyage-guide-francais-panama.com\/#\/schema\/logo\/image\/\",\"url\":\"https:\/\/voyage-guide-francais-panama.com\/wp-content\/uploads\/2023\/04\/cropped-cropped-cropped-cropped-logo-1-e1682256137361.jpg\",\"contentUrl\":\"https:\/\/voyage-guide-francais-panama.com\/wp-content\/uploads\/2023\/04\/cropped-cropped-cropped-cropped-logo-1-e1682256137361.jpg\",\"width\":120,\"height\":120,\"caption\":\"J\u00e9r\u00f4me Pujol\"},\"image\":{\"@id\":\"https:\/\/voyage-guide-francais-panama.com\/#\/schema\/logo\/image\/\"}}]}<\/script>\n<!-- \/ Yoast SEO plugin. -->","yoast_head_json":{"title":"Excursion n\u00b09 - Visite d'une ferme locale de production d'ananas et de fruits\u00a0de\u00a0la\u00a0passion - J\u00e9r\u00f4me Pujol Guide fran\u00e7ais au Panama | Visite priv\u00e9e avec guide francophone","robots":{"index":"index","follow":"follow","max-snippet":"max-snippet:-1","max-image-preview":"max-image-preview:large","max-video-preview":"max-video-preview:-1"},"canonical":"https:\/\/voyage-guide-francais-panama.com\/index.php\/excursion-n9-visite-dune-ferme-locale-de-production-dananas-et-de-fruits-de-la-passion\/","og_locale":"fr_FR","og_type":"article","og_title":"Excursion n\u00b09 - Visite d'une ferme locale de production d'ananas et de fruits\u00a0de\u00a0la\u00a0passion - J\u00e9r\u00f4me Pujol Guide fran\u00e7ais au Panama | Visite priv\u00e9e avec guide francophone","og_description":"Nous partons de la capitale direction ouest (sens Costa Rica), en empruntant la route panam\u00e9ricaine. C&rsquo;est une journ\u00e9e d\u00e9couverte des produits locaux dans une ferme de champs d&rsquo;ananas et de fruits de la passion.Nous ferons \u00e9galement un arr\u00eat dans un lieu de vente de fromages&nbsp;locaux.","og_url":"https:\/\/voyage-guide-francais-panama.com\/index.php\/excursion-n9-visite-dune-ferme-locale-de-production-dananas-et-de-fruits-de-la-passion\/","og_site_name":"J\u00e9r\u00f4me Pujol Guide fran\u00e7ais au Panama | Visite priv\u00e9e avec guide francophone","article_modified_time":"2024-11-13T13:09:17+00:00","og_image":[{"url":"https:\/\/voyage-guide-francais-panama.com\/wp-content\/uploads\/2024\/11\/IMG-20241113-WA0007-658x1024.jpg","type":"","width":"","height":""}],"twitter_card":"summary_large_image","schema":{"@context":"https:\/\/schema.org","@graph":[{"@type":"WebPage","@id":"https:\/\/voyage-guide-francais-panama.com\/index.php\/excursion-n9-visite-dune-ferme-locale-de-production-dananas-et-de-fruits-de-la-passion\/","url":"https:\/\/voyage-guide-francais-panama.com\/index.php\/excursion-n9-visite-dune-ferme-locale-de-production-dananas-et-de-fruits-de-la-passion\/","name":"Excursion n\u00b09 - Visite d'une ferme locale de production d'ananas et de fruits\u00a0de\u00a0la\u00a0passion - J\u00e9r\u00f4me Pujol Guide fran\u00e7ais au Panama | Visite priv\u00e9e avec guide francophone","isPartOf":{"@id":"https:\/\/voyage-guide-francais-panama.com\/#website"},"primaryImageOfPage":{"@id":"https:\/\/voyage-guide-francais-panama.com\/index.php\/excursion-n9-visite-dune-ferme-locale-de-production-dananas-et-de-fruits-de-la-passion\/#primaryimage"},"image":{"@id":"https:\/\/voyage-guide-francais-panama.com\/index.php\/excursion-n9-visite-dune-ferme-locale-de-production-dananas-et-de-fruits-de-la-passion\/#primaryimage"},"thumbnailUrl":"https:\/\/voyage-guide-francais-panama.com\/wp-content\/uploads\/2024\/11\/IMG-20241113-WA0007-658x1024.jpg","datePublished":"2024-11-13T13:08:02+00:00","dateModified":"2024-11-13T13:09:17+00:00","breadcrumb":{"@id":"https:\/\/voyage-guide-francais-panama.com\/index.php\/excursion-n9-visite-dune-ferme-locale-de-production-dananas-et-de-fruits-de-la-passion\/#breadcrumb"},"inLanguage":"fr-FR","potentialAction":[{"@type":"ReadAction","target":["https:\/\/voyage-guide-francais-panama.com\/index.php\/excursion-n9-visite-dune-ferme-locale-de-production-dananas-et-de-fruits-de-la-passion\/"]}]},{"@type":"ImageObject","inLanguage":"fr-FR","@id":"https:\/\/voyage-guide-francais-panama.com\/index.php\/excursion-n9-visite-dune-ferme-locale-de-production-dananas-et-de-fruits-de-la-passion\/#primaryimage","url":"https:\/\/voyage-guide-francais-panama.com\/wp-content\/uploads\/2024\/11\/IMG-20241113-WA0007.jpg","contentUrl":"https:\/\/voyage-guide-francais-panama.com\/wp-content\/uploads\/2024\/11\/IMG-20241113-WA0007.jpg","width":1028,"height":1600},{"@type":"BreadcrumbList","@id":"https:\/\/voyage-guide-francais-panama.com\/index.php\/excursion-n9-visite-dune-ferme-locale-de-production-dananas-et-de-fruits-de-la-passion\/#breadcrumb","itemListElement":[{"@type":"ListItem","position":1,"name":"Accueil","item":"http:\/\/voyage-guide-francais-panama.com\/"},{"@type":"ListItem","position":2,"name":"Excursion n\u00b09 &#8211; Visite d&rsquo;une ferme locale de production d&rsquo;ananas et de fruits\u00a0de\u00a0la\u00a0passion"}]},{"@type":"WebSite","@id":"https:\/\/voyage-guide-francais-panama.com\/#website","url":"https:\/\/voyage-guide-francais-panama.com\/","name":"J\u00e9r\u00f4me PUJOL Guide fran\u00e7ais au Panama | Visite priv\u00e9e avec guide francophone","description":"Guide fran\u00e7ais au Panama | Visite priv\u00e9e avec guide francophone","publisher":{"@id":"https:\/\/voyage-guide-francais-panama.com\/#organization"},"alternateName":"Guide fran\u00e7ais au Panama | Visite priv\u00e9e avec guide francophone","potentialAction":[{"@type":"SearchAction","target":{"@type":"EntryPoint","urlTemplate":"https:\/\/voyage-guide-francais-panama.com\/?s={search_term_string}"},"query-input":{"@type":"PropertyValueSpecification","valueRequired":true,"valueName":"search_term_string"}}],"inLanguage":"fr-FR"},{"@type":"Organization","@id":"https:\/\/voyage-guide-francais-panama.com\/#organization","name":"J\u00e9r\u00f4me Pujol","url":"https:\/\/voyage-guide-francais-panama.com\/","logo":{"@type":"ImageObject","inLanguage":"fr-FR","@id":"https:\/\/voyage-guide-francais-panama.com\/#\/schema\/logo\/image\/","url":"https:\/\/voyage-guide-francais-panama.com\/wp-content\/uploads\/2023\/04\/cropped-cropped-cropped-cropped-logo-1-e1682256137361.jpg","contentUrl":"https:\/\/voyage-guide-francais-panama.com\/wp-content\/uploads\/2023\/04\/cropped-cropped-cropped-cropped-logo-1-e1682256137361.jpg","width":120,"height":120,"caption":"J\u00e9r\u00f4me Pujol"},"image":{"@id":"https:\/\/voyage-guide-francais-panama.com\/#\/schema\/logo\/image\/"}}]}},"_links":{"self":[{"href":"https:\/\/voyage-guide-francais-panama.com\/index.php\/wp-json\/wp\/v2\/pages\/713","targetHints":{"allow":["GET"]}}],"collection":[{"href":"https:\/\/voyage-guide-francais-panama.com\/index.php\/wp-json\/wp\/v2\/pages"}],"about":[{"href":"https:\/\/voyage-guide-francais-panama.com\/index.php\/wp-json\/wp\/v2\/types\/page"}],"author":[{"embeddable":true,"href":"https:\/\/voyage-guide-francais-panama.com\/index.php\/wp-json\/wp\/v2\/users\/1"}],"replies":[{"embeddable":true,"href":"https:\/\/voyage-guide-francais-panama.com\/index.php\/wp-json\/wp\/v2\/comments?post=713"}],"version-history":[{"count":2,"href":"https:\/\/voyage-guide-francais-panama.com\/index.php\/wp-json\/wp\/v2\/pages\/713\/revisions"}],"predecessor-version":[{"id":722,"href":"https:\/\/voyage-guide-francais-panama.com\/index.php\/wp-json\/wp\/v2\/pages\/713\/revisions\/722"}],"wp:attachment":[{"href":"https:\/\/voyage-guide-francais-panama.com\/index.php\/wp-json\/wp\/v2\/media?parent=713"}],"curies":[{"name":"wp","href":"https:\/\/api.w.org\/{rel}","templated":true}]}}